{"id":21379,"date":"2019-04-22T09:59:48","date_gmt":"2019-04-22T07:59:48","guid":{"rendered":"https:\/\/adacontext.com\/politica-privacidad\/"},"modified":"2023-10-31T10:19:54","modified_gmt":"2023-10-31T09:19:54","slug":"politique-de-confidentialite","status":"publish","type":"page","link":"https:\/\/adacontext.com\/fr\/politique-de-confidentialite\/","title":{"rendered":"Politique de confidentialit\u00e9"},"content":{"rendered":"<div class=\"wpb-content-wrapper\"><section class=\"vc_row wpb_row vc_row-fluid\"><div class=\"wpb_column vc_column_container vc_col-sm-12  col-xs-mobile-fullwidth\"><div class=\"vc_column-inner \"><div class=\"wpb_wrapper\">[vc_empty_space height=\u00a0\u00bb100px\u00a0\u00bb]<\/div><\/div><\/div><\/section><section data-vc-full-width=\"true\" data-vc-full-width-init=\"false\" class=\"vc_row wpb_row vc_row-fluid   position-relative top-space pofo-stretch-content pofo-stretch-row-container\"><div class=\"wpb_column vc_column_container  col-xs-mobile-fullwidth\"><div class=\"vc_column-inner \"><div class=\"wpb_wrapper\"><div class=\"last-paragraph-no-margin\"><h4>Politique de confidentialit\u00e9<\/h4>\n<p class=\"privacy-policy-p\">Cette politique de confidentialit\u00e9 d\u00e9crit les politiques de <strong>Agencia para la difusi\u00f3n de la arquitectura S.C.<\/strong>, Calle del Rollo 5, Local 2, Madrid 28005, Espagne, e-mail\u00a0: <a href=\"mailto:info@adacontext.com\" target=\"_blank\" rel=\"noopener\">info@adacontext.com<\/a>, t\u00e9l\u00e9phone : <a href=\"tel:+34630012212\">630 012 212 <\/a> sur la collecte, l&rsquo;utilisation et la divulgation de vos informations que nous collectons lorsque vous utilisez notre site Web (<a href=\"https:\/\/adacontext.com\">https:\/\/adacontext.com<\/a>). (le service\u00a0\u00bb). En acc\u00e9dant ou en utilisant le Service, vous consentez \u00e0 la collecte, \u00e0 l&rsquo;utilisation et \u00e0 la divulgation de vos informations conform\u00e9ment \u00e0 la pr\u00e9sente Politique de confidentialit\u00e9. Si vous n&rsquo;y consentez pas, veuillez ne pas acc\u00e9der ni utiliser le Service.<\/p>\n<p class=\"privacy-policy-p\">En acc\u00e9dant ou en utilisant le Service, vous consentez \u00e0 la collecte, \u00e0 l&rsquo;utilisation et \u00e0 la divulgation de vos informations conform\u00e9ment \u00e0 la pr\u00e9sente Politique de confidentialit\u00e9. Si vous n&rsquo;y consentez pas, veuillez ne pas acc\u00e9der ni utiliser le Service.<\/p>\n<p class=\"privacy-policy-p\">Nous pouvons modifier cette politique de confidentialit\u00e9 \u00e0 tout moment sans pr\u00e9avis et publierons la politique de confidentialit\u00e9 r\u00e9vis\u00e9e sur le service. La politique r\u00e9vis\u00e9e entrera en vigueur 180 jours \u00e0 compter de la date \u00e0 laquelle la politique r\u00e9vis\u00e9e sera publi\u00e9e dans le service et votre acc\u00e8s continu ou votre utilisation du service apr\u00e8s cette p\u00e9riode constituera votre acceptation de la politique de confidentialit\u00e9 r\u00e9vis\u00e9e. Nous vous recommandons donc de consulter p\u00e9riodiquement cette page.<\/p>\n<h6 class=\"privacy-policy-p\">Vos droits\u00a0:<\/h6>\n<p class=\"privacy-policy-p\">En fonction de la loi applicable, vous pouvez avoir le droit d&rsquo;acc\u00e9der et de rectifier ou d&rsquo;effacer vos donn\u00e9es personnelles ou de recevoir une copie de vos donn\u00e9es personnelles, de restreindre ou de vous opposer au traitement actif de vos donn\u00e9es, nous demander de partager (porter) vos informations personnelles vers une autre entit\u00e9, retirer tout consentement que vous nous avez fourni pour traiter vos donn\u00e9es, le droit de d\u00e9poser une plainte aupr\u00e8s d&rsquo;une autorit\u00e9 statutaire et tout autre droit qui peut \u00eatre pertinent en vertu des lois applicables . Pour exercer ces droits, vous pouvez nous \u00e9crire \u00e0 contact@alexandrearretchea.com. Nous r\u00e9pondrons \u00e0 votre demande conform\u00e9ment \u00e0 la loi applicable.<\/p>\n<p class=\"privacy-policy-p\">notez que si vous ne nous autorisez pas \u00e0 collecter ou \u00e0 traiter les informations personnelles requises ou si vous retirez le consentement \u00e0 leur traitement aux fins requises, vous ne pourrez peut-\u00eatre pas acc\u00e9der ou utiliser les services pour lesquels vos informations ont \u00e9t\u00e9 recherch\u00e9es.<\/p>\n<h6 class=\"privacy-policy-p\">Cookies, etc.<\/h6>\n<p class=\"privacy-policy-p\">Pour en savoir plus sur la fa\u00e7on dont nous les utilisons et sur vos choix concernant ces technologies de suivi, veuillez vous r\u00e9f\u00e9rer \u00e0 notre <a href=\"https:\/\/adacontext.com\/fr\/politique-des-cookies\/\" target=\"_blank\" rel=\"noopener\">Politique en mati\u00e8re de cookies<\/a>.<\/p>\n<h6 class=\"privacy-policy-p\">S\u00e9curit\u00e9\u00a0:<\/h6>\n<p class=\"privacy-policy-p\">La s\u00e9curit\u00e9 de vos informations est importante pour nous et nous utiliserons des mesures de s\u00e9curit\u00e9 raisonnables pour emp\u00eacher la perte, l&rsquo;utilisation abusive ou la modification non autoris\u00e9e de vos informations sous notre contr\u00f4le. Cependant, compte tenu des risques inh\u00e9rents, nous ne pouvons garantir une s\u00e9curit\u00e9 absolue et, par cons\u00e9quent, nous ne pouvons assurer ou garantir la s\u00e9curit\u00e9 des informations que vous nous transmettez et vous le faites \u00e0 vos propres risques.<\/p>\n<h6 class=\"privacy-policy-p\">Liens et liens tiers Utilisation de vos informations\u00a0:<\/h6>\n<p class=\"privacy-policy-p\">Notre Service peut contenir des liens vers d&rsquo;autres sites Web qui ne sont pas exploit\u00e9s par nous. Cette politique de confidentialit\u00e9 ne traite pas de la politique de confidentialit\u00e9 et d&rsquo;autres pratiques de tiers, y compris de tout tiers exploitant un site Web ou un service pouvant \u00eatre accessible via un lien sur le service. Nous vous conseillons fortement de consulter la politique de confidentialit\u00e9 de chaque site que vous visitez. Nous n&rsquo;avons aucun contr\u00f4le et n&rsquo;assumons aucune responsabilit\u00e9 quant au contenu, aux politiques de confidentialit\u00e9 ou aux pratiques de tout site ou service tiers.<\/p>\n<h6 class=\"privacy-policy-p\">Grief \/ D\u00e9l\u00e9gu\u00e9 \u00e0 la protection des donn\u00e9es\u00a0:<\/h6>\n<p class=\"privacy-policy-p\">Si vous avez des questions ou des pr\u00e9occupations concernant le traitement de vos informations disponibles chez nous, vous pouvez envoyer un e-mail \u00e0 notre responsable des r\u00e9clamations \u00e0 <strong>Agencia para la difusi\u00f3n de la arquitectura S.C.<\/strong>, Calle del Rollo 5, Local 2, e-mail\u00a0: <a href=\"mailto:info@adacontext.com\" target=\"_blank\" rel=\"noopener\">info@adacontext.com<\/a>. Nous r\u00e9pondrons \u00e0 vos pr\u00e9occupations conform\u00e9ment \u00e0 la loi applicable.<\/p>\n<\/div><\/div><\/div><\/div><\/section><div class=\"vc_row-full-width vc_clearfix\"><\/div><section class=\"vc_row wpb_row vc_row-fluid\"><div class=\"wpb_column vc_column_container vc_col-sm-12  col-xs-mobile-fullwidth\"><div class=\"vc_column-inner \"><div class=\"wpb_wrapper\">[vc_empty_space height=\u00a0\u00bb100px\u00a0\u00bb]<\/div><\/div><\/div><\/section>\n<\/div>","protected":false},"excerpt":{"rendered":"[vc_empty_space height=\"100px\"]Politique de confidentialit\u00e9 Cette politique de confidentialit\u00e9 d\u00e9crit les politiques de Agencia para la difusi\u00f3n de la arquitectura S.C., Calle del Rollo 5, Local 2, Madrid 28005, Espagne, e-mail\u00a0: info@adacontext.com, t\u00e9l\u00e9phone : 630 012 212 sur la collecte, l'utilisation et la divulgation de vos informations que nous collectons lorsque vous utilisez notre site Web (https:\/\/adacontext.com). (le service\"). En acc\u00e9dant ou en utilisant le Service, vous consentez \u00e0 la collecte, \u00e0 l'utilisation et \u00e0 la divulgation de vos informations conform\u00e9ment \u00e0 la pr\u00e9sente Politique de confidentialit\u00e9. Si vous n'y consentez pas, veuillez ne pas acc\u00e9der ni utiliser le Service. En acc\u00e9dant ou en utilisant le Service, vous consentez \u00e0 la collecte, \u00e0 l'utilisation et \u00e0 la divulgation de vos informations conform\u00e9ment \u00e0 la pr\u00e9sente Politique de confidentialit\u00e9. Si vous n'y consentez pas, veuillez ne pas acc\u00e9der ni utiliser le Service. Nous pouvons modifier cette politique de confidentialit\u00e9 \u00e0 tout moment sans pr\u00e9avis et publierons la politique de confidentialit\u00e9 r\u00e9vis\u00e9e sur le service. La politique r\u00e9vis\u00e9e entrera en vigueur 180 jours \u00e0 compter de la date \u00e0 laquelle la politique r\u00e9vis\u00e9e sera publi\u00e9e dans le service et votre acc\u00e8s continu ou votre utilisation du service apr\u00e8s cette p\u00e9riode constituera votre acceptation...","protected":false},"author":1,"featured_media":0,"parent":0,"menu_order":0,"comment_status":"closed","ping_status":"closed","template":"","meta":{"footnotes":""},"class_list":["post-21379","page","type-page","status-publish","hentry"],"yoast_head":"<!-- This site is optimized with the Yoast SEO plugin v27.6 - https:\/\/yoast.com\/product\/yoast-seo-wordpress\/ -->\n<title>Politique de confidentialit\u00e9 - ADA | Agency for the Dissemination of Architecture<\/title>\n<meta name=\"robots\" content=\"index, follow, max-snippet:-1, max-image-preview:large, max-video-preview:-1\" \/>\n<link rel=\"canonical\" href=\"https:\/\/adacontext.com\/fr\/politique-de-confidentialite\/\" \/>\n<meta property=\"og:locale\" content=\"fr_FR\" \/>\n<meta property=\"og:type\" content=\"article\" \/>\n<meta property=\"og:title\" content=\"Politique de confidentialit\u00e9 - ADA | Agency for the Dissemination of Architecture\" \/>\n<meta property=\"og:url\" content=\"https:\/\/adacontext.com\/fr\/politique-de-confidentialite\/\" \/>\n<meta property=\"og:site_name\" content=\"ADA | Agency for the Dissemination of Architecture\" \/>\n<meta property=\"article:modified_time\" content=\"2023-10-31T09:19:54+00:00\" \/>\n<meta name=\"twitter:card\" content=\"summary_large_image\" \/>\n<meta name=\"twitter:label1\" content=\"Dur\u00e9e de lecture estim\u00e9e\" \/>\n\t<meta name=\"twitter:data1\" content=\"4 minutes\" \/>\n<script type=\"application\/ld+json\" class=\"yoast-schema-graph\">{\"@context\":\"https:\\\/\\\/schema.org\",\"@graph\":[{\"@type\":\"WebPage\",\"@id\":\"https:\\\/\\\/adacontext.com\\\/fr\\\/politique-de-confidentialite\\\/\",\"url\":\"https:\\\/\\\/adacontext.com\\\/fr\\\/politique-de-confidentialite\\\/\",\"name\":\"Politique de confidentialit\u00e9 - ADA | Agency for the Dissemination of Architecture\",\"isPartOf\":{\"@id\":\"https:\\\/\\\/adacontext.com\\\/fr\\\/#website\"},\"datePublished\":\"2019-04-22T07:59:48+00:00\",\"dateModified\":\"2023-10-31T09:19:54+00:00\",\"breadcrumb\":{\"@id\":\"https:\\\/\\\/adacontext.com\\\/fr\\\/politique-de-confidentialite\\\/#breadcrumb\"},\"inLanguage\":\"fr-FR\",\"potentialAction\":[{\"@type\":\"ReadAction\",\"target\":[\"https:\\\/\\\/adacontext.com\\\/fr\\\/politique-de-confidentialite\\\/\"]}]},{\"@type\":\"BreadcrumbList\",\"@id\":\"https:\\\/\\\/adacontext.com\\\/fr\\\/politique-de-confidentialite\\\/#breadcrumb\",\"itemListElement\":[{\"@type\":\"ListItem\",\"position\":1,\"name\":\"Home\",\"item\":\"https:\\\/\\\/adacontext.com\\\/fr\\\/inicio\\\/\"},{\"@type\":\"ListItem\",\"position\":2,\"name\":\"Politique de confidentialit\u00e9\"}]},{\"@type\":\"WebSite\",\"@id\":\"https:\\\/\\\/adacontext.com\\\/fr\\\/#website\",\"url\":\"https:\\\/\\\/adacontext.com\\\/fr\\\/\",\"name\":\"ADA | Agency for the Dissemination of Architecture\",\"description\":\"Somos ADA, la agencia de comunicaci\u00f3n especializada en la difusi\u00f3n de la arquitectura.\",\"potentialAction\":[{\"@type\":\"SearchAction\",\"target\":{\"@type\":\"EntryPoint\",\"urlTemplate\":\"https:\\\/\\\/adacontext.com\\\/fr\\\/?s={search_term_string}\"},\"query-input\":{\"@type\":\"PropertyValueSpecification\",\"valueRequired\":true,\"valueName\":\"search_term_string\"}}],\"inLanguage\":\"fr-FR\"}]}<\/script>\n<!-- \/ Yoast SEO plugin. -->","yoast_head_json":{"title":"Politique de confidentialit\u00e9 - ADA | Agency for the Dissemination of Architecture","robots":{"index":"index","follow":"follow","max-snippet":"max-snippet:-1","max-image-preview":"max-image-preview:large","max-video-preview":"max-video-preview:-1"},"canonical":"https:\/\/adacontext.com\/fr\/politique-de-confidentialite\/","og_locale":"fr_FR","og_type":"article","og_title":"Politique de confidentialit\u00e9 - ADA | Agency for the Dissemination of Architecture","og_url":"https:\/\/adacontext.com\/fr\/politique-de-confidentialite\/","og_site_name":"ADA | Agency for the Dissemination of Architecture","article_modified_time":"2023-10-31T09:19:54+00:00","twitter_card":"summary_large_image","twitter_misc":{"Dur\u00e9e de lecture estim\u00e9e":"4 minutes"},"schema":{"@context":"https:\/\/schema.org","@graph":[{"@type":"WebPage","@id":"https:\/\/adacontext.com\/fr\/politique-de-confidentialite\/","url":"https:\/\/adacontext.com\/fr\/politique-de-confidentialite\/","name":"Politique de confidentialit\u00e9 - ADA | Agency for the Dissemination of Architecture","isPartOf":{"@id":"https:\/\/adacontext.com\/fr\/#website"},"datePublished":"2019-04-22T07:59:48+00:00","dateModified":"2023-10-31T09:19:54+00:00","breadcrumb":{"@id":"https:\/\/adacontext.com\/fr\/politique-de-confidentialite\/#breadcrumb"},"inLanguage":"fr-FR","potentialAction":[{"@type":"ReadAction","target":["https:\/\/adacontext.com\/fr\/politique-de-confidentialite\/"]}]},{"@type":"BreadcrumbList","@id":"https:\/\/adacontext.com\/fr\/politique-de-confidentialite\/#breadcrumb","itemListElement":[{"@type":"ListItem","position":1,"name":"Home","item":"https:\/\/adacontext.com\/fr\/inicio\/"},{"@type":"ListItem","position":2,"name":"Politique de confidentialit\u00e9"}]},{"@type":"WebSite","@id":"https:\/\/adacontext.com\/fr\/#website","url":"https:\/\/adacontext.com\/fr\/","name":"ADA | Agency for the Dissemination of Architecture","description":"Somos ADA, la agencia de comunicaci\u00f3n especializada en la difusi\u00f3n de la arquitectura.","potentialAction":[{"@type":"SearchAction","target":{"@type":"EntryPoint","urlTemplate":"https:\/\/adacontext.com\/fr\/?s={search_term_string}"},"query-input":{"@type":"PropertyValueSpecification","valueRequired":true,"valueName":"search_term_string"}}],"inLanguage":"fr-FR"}]}},"_links":{"self":[{"href":"https:\/\/adacontext.com\/fr\/wp-json\/wp\/v2\/pages\/21379","targetHints":{"allow":["GET"]}}],"collection":[{"href":"https:\/\/adacontext.com\/fr\/wp-json\/wp\/v2\/pages"}],"about":[{"href":"https:\/\/adacontext.com\/fr\/wp-json\/wp\/v2\/types\/page"}],"author":[{"embeddable":true,"href":"https:\/\/adacontext.com\/fr\/wp-json\/wp\/v2\/users\/1"}],"replies":[{"embeddable":true,"href":"https:\/\/adacontext.com\/fr\/wp-json\/wp\/v2\/comments?post=21379"}],"version-history":[{"count":2,"href":"https:\/\/adacontext.com\/fr\/wp-json\/wp\/v2\/pages\/21379\/revisions"}],"predecessor-version":[{"id":21381,"href":"https:\/\/adacontext.com\/fr\/wp-json\/wp\/v2\/pages\/21379\/revisions\/21381"}],"wp:attachment":[{"href":"https:\/\/adacontext.com\/fr\/wp-json\/wp\/v2\/media?parent=21379"}],"curies":[{"name":"wp","href":"https:\/\/api.w.org\/{rel}","templated":true}]}}