{"id":21373,"date":"2019-05-06T11:48:53","date_gmt":"2019-05-06T09:48:53","guid":{"rendered":"https:\/\/adacontext.com\/politica-de-cookies\/"},"modified":"2023-10-31T10:07:44","modified_gmt":"2023-10-31T09:07:44","slug":"politique-des-cookies","status":"publish","type":"page","link":"https:\/\/adacontext.com\/fr\/politique-des-cookies\/","title":{"rendered":"Politique des Cookies"},"content":{"rendered":"<div class=\"wpb-content-wrapper\"><section class=\"vc_row wpb_row vc_row-fluid\"><div class=\"wpb_column vc_column_container vc_col-sm-12  col-xs-mobile-fullwidth\"><div class=\"vc_column-inner \"><div class=\"wpb_wrapper\">[vc_empty_space height=\u00a0\u00bb100px\u00a0\u00bb]<\/div><\/div><\/div><\/section><section data-vc-full-width=\"true\" data-vc-full-width-init=\"false\" class=\"vc_row wpb_row vc_row-fluid   top-space pofo-stretch-content pofo-stretch-row-container\"><div class=\"wpb_column vc_column_container  col-xs-mobile-fullwidth\"><div class=\"vc_column-inner \"><div class=\"wpb_wrapper\"><div class=\"last-paragraph-no-margin\"><h4>Politique des Cookies<\/h4>\n<h6>Que sont les cookies ?<\/h6>\n<p>Cette politique de cookies explique comment les cookies sont utilis\u00e9s, les types de cookies que nous utilisons, c&rsquo;est-\u00e0-dire les informations sur la r\u00e9cup\u00e9ration des cookies et comment utiliser ces informations, et comment g\u00e9rer la configuration des cookies.<\/p>\n<p>Les cookies sont de petits archives de texte qui sont utilis\u00e9es pour stocker de petits fragments d&rsquo;informations. Se conserve sur votre appareil lorsque le site Web est charg\u00e9 sur votre navigateur. Ces cookies nous aident \u00e0 ce que le site Web fonctionne correctement, ce qui le rend plus s\u00fbr, apportant une meilleure exp\u00e9rience d&rsquo;utilisateur et comprenant comment le site Web fonctionne et analyse ce qui fonctionne et cela n\u00e9cessite une meilleure.<\/p>\n<h6>Comment utiliser les cookies\u00a0?<\/h6>\n<p>Comme la plupart des services en ligne, notre site Web utilise des cookies propias et tiers pour divers prop\u00f3sitos. Les cookies d&rsquo;origine sont en grande partie n\u00e9cessaires pour que le site Web fonctionne correctement et ne recopile aucune de vos donn\u00e9es d&rsquo;identification personnelle.<\/p>\n<p>Les cookies tiers utilis\u00e9s sur notre site Web sont principalement destin\u00e9s \u00e0 comprendre le fonctionnement du site Web, \u00e0 interagir avec notre site Web, \u00e0 maintenir nos services s\u00e9curis\u00e9s, \u00e0 diffuser des annonces pertinentes pour vous et, en g\u00e9n\u00e9ral, \u00e0 vous offrir un utilisateur meilleur et am\u00e9lior\u00e9. Exp\u00e9rience et aide \u00e0 acc\u00e9l\u00e9rer vos futures interactions avec notre site Web.<\/p>\n<h6>Types de cookies que nous utilisons<\/h6>\n<div class=\"cky-audit-table-element\"><\/div>\n<h6 style=\"margin-bottom: 20px;\">G\u00e9rer les pr\u00e9f\u00e9rences de cookies<\/h6>\n<p><a class=\"cky-banner-element\">Configuration des cookies<\/a><\/p>\n<p>Vous pouvez modifier vos pr\u00e9f\u00e9rences de cookies en tout moment en cliquant sur le bouton arri\u00e8re. Ceci vous permettra de visiter la banni\u00e8re de consentement aux cookies et de modifier vos pr\u00e9f\u00e9rences ou de retirer votre consentement imm\u00e9diat.<\/p>\n<p>De plus, diff\u00e9rents navigateurs proposent diff\u00e9rentes m\u00e9thodes pour bloquer et \u00e9liminer les cookies utilis\u00e9s par les sites Web. Vous pouvez modifier la configuration de votre navigateur pour bloquer\/\u00e9liminer les cookies. La suite \u00e9num\u00e8re les liens vers les documents de support sur la mani\u00e8re d&rsquo;administrer et d&rsquo;\u00e9liminer les cookies des principaux navigateurs Web.<\/p>\n<p>Chrome\u00a0: <a href=\"https:\/\/support.google.com\/accounts\/answer\/32050\" target=\"_blank\" rel=\"noopener\">https:\/\/support.google.com\/accounts\/answer\/32050&lt; \/a&gt;<\/a><\/p>\n<p>Safari\u00a0: <a href=\"https:\/\/support.apple.com\/en-in\/guide\/safari\/sfri11471\/mac\" target=\"_blank\" rel=\"noopener\">https:\/\/support.apple.com\/ fr-in\/guide\/safari\/sfri11471\/mac<\/a><\/p>\n<p>Firefox\u00a0: <a href=\"https:\/\/support.mozilla.org\/en-US\/kb\/clear-cookies-and-site-data-firefox?redirectslug=delete-cookies-remove-info-websites-stored&amp;redirectlocale =en-US\" target=\"_blank\" rel=\"noopener\">https:\/\/support.mozilla.org\/en-US\/kb\/clear-cookies-and-site-data-firefox?redirectslug=delete-cookies- remove-info-websites-stored&amp;redirectlocale=en-US<\/a><\/p>\n<p>Internet Explorer\u00a0: <a href=\"https:\/\/support.microsoft.com\/en-us\/topic\/how-to-delete-cookie-files-in-internet-explorer-bca9446f-d873-78de-77ba-d42645fa52fc\" target=\"_blank\" rel=\"noopener\">https:\/\/support.microsoft.com\/en-us\/topic\/how-to-delete-cookie-files-in-internet-explorer-bca9446f-d873-78de-77ba -d42645fa52fc<\/a><\/p>\n<p>Si vous utilisez n&rsquo;importe quel autre navigateur Web, visitez les documents du support officiel de votre navigateur.<\/p>\n<\/div><\/div><\/div><\/div><\/section><div class=\"vc_row-full-width vc_clearfix\"><\/div><section class=\"vc_row wpb_row vc_row-fluid\"><div class=\"wpb_column vc_column_container vc_col-sm-12  col-xs-mobile-fullwidth\"><div class=\"vc_column-inner \"><div class=\"wpb_wrapper\">[vc_empty_space height=\u00a0\u00bb100px\u00a0\u00bb]<\/div><\/div><\/div><\/section>\n<\/div>","protected":false},"excerpt":{"rendered":"[vc_empty_space height=\"100px\"]Politique des Cookies Que sont les cookies ? Cette politique de cookies explique comment les cookies sont utilis\u00e9s, les types de cookies que nous utilisons, c'est-\u00e0-dire les informations sur la r\u00e9cup\u00e9ration des cookies et comment utiliser ces informations, et comment g\u00e9rer la configuration des cookies. Les cookies sont de petits archives de texte qui sont utilis\u00e9es pour stocker de petits fragments d'informations. Se conserve sur votre appareil lorsque le site Web est charg\u00e9 sur votre navigateur. Ces cookies nous aident \u00e0 ce que le site Web fonctionne correctement, ce qui le rend plus s\u00fbr, apportant une meilleure exp\u00e9rience d'utilisateur et comprenant comment le site Web fonctionne et analyse ce qui fonctionne et cela n\u00e9cessite une meilleure. Comment utiliser les cookies\u00a0? Comme la plupart des services en ligne, notre site Web utilise des cookies propias et tiers pour divers prop\u00f3sitos. Les cookies d'origine sont en grande partie n\u00e9cessaires pour que le site Web fonctionne correctement et ne recopile aucune de vos donn\u00e9es d'identification personnelle. Les cookies tiers utilis\u00e9s sur notre site Web sont principalement destin\u00e9s \u00e0 comprendre le fonctionnement du site Web, \u00e0 interagir avec notre site Web, \u00e0 maintenir nos services s\u00e9curis\u00e9s, \u00e0 diffuser des annonces pertinentes pour vous...","protected":false},"author":1,"featured_media":0,"parent":0,"menu_order":0,"comment_status":"closed","ping_status":"closed","template":"","meta":{"footnotes":""},"class_list":["post-21373","page","type-page","status-publish","hentry"],"yoast_head":"<!-- This site is optimized with the Yoast SEO plugin v27.6 - https:\/\/yoast.com\/product\/yoast-seo-wordpress\/ -->\n<title>Politique des Cookies - ADA | Agency for the Dissemination of Architecture<\/title>\n<meta name=\"robots\" content=\"index, follow, max-snippet:-1, max-image-preview:large, max-video-preview:-1\" \/>\n<link rel=\"canonical\" href=\"https:\/\/adacontext.com\/fr\/politique-des-cookies\/\" \/>\n<meta property=\"og:locale\" content=\"fr_FR\" \/>\n<meta property=\"og:type\" content=\"article\" \/>\n<meta property=\"og:title\" content=\"Politique des Cookies - ADA | Agency for the Dissemination of Architecture\" \/>\n<meta property=\"og:url\" content=\"https:\/\/adacontext.com\/fr\/politique-des-cookies\/\" \/>\n<meta property=\"og:site_name\" content=\"ADA | Agency for the Dissemination of Architecture\" \/>\n<meta property=\"article:modified_time\" content=\"2023-10-31T09:07:44+00:00\" \/>\n<meta name=\"twitter:card\" content=\"summary_large_image\" \/>\n<meta name=\"twitter:label1\" content=\"Dur\u00e9e de lecture estim\u00e9e\" \/>\n\t<meta name=\"twitter:data1\" content=\"2 minutes\" \/>\n<script type=\"application\/ld+json\" class=\"yoast-schema-graph\">{\"@context\":\"https:\\\/\\\/schema.org\",\"@graph\":[{\"@type\":\"WebPage\",\"@id\":\"https:\\\/\\\/adacontext.com\\\/fr\\\/politique-des-cookies\\\/\",\"url\":\"https:\\\/\\\/adacontext.com\\\/fr\\\/politique-des-cookies\\\/\",\"name\":\"Politique des Cookies - ADA | Agency for the Dissemination of Architecture\",\"isPartOf\":{\"@id\":\"https:\\\/\\\/adacontext.com\\\/fr\\\/#website\"},\"datePublished\":\"2019-05-06T09:48:53+00:00\",\"dateModified\":\"2023-10-31T09:07:44+00:00\",\"breadcrumb\":{\"@id\":\"https:\\\/\\\/adacontext.com\\\/fr\\\/politique-des-cookies\\\/#breadcrumb\"},\"inLanguage\":\"fr-FR\",\"potentialAction\":[{\"@type\":\"ReadAction\",\"target\":[\"https:\\\/\\\/adacontext.com\\\/fr\\\/politique-des-cookies\\\/\"]}]},{\"@type\":\"BreadcrumbList\",\"@id\":\"https:\\\/\\\/adacontext.com\\\/fr\\\/politique-des-cookies\\\/#breadcrumb\",\"itemListElement\":[{\"@type\":\"ListItem\",\"position\":1,\"name\":\"Home\",\"item\":\"https:\\\/\\\/adacontext.com\\\/fr\\\/inicio\\\/\"},{\"@type\":\"ListItem\",\"position\":2,\"name\":\"Politique des Cookies\"}]},{\"@type\":\"WebSite\",\"@id\":\"https:\\\/\\\/adacontext.com\\\/fr\\\/#website\",\"url\":\"https:\\\/\\\/adacontext.com\\\/fr\\\/\",\"name\":\"ADA | Agency for the Dissemination of Architecture\",\"description\":\"Somos ADA, la agencia de comunicaci\u00f3n especializada en la difusi\u00f3n de la arquitectura.\",\"potentialAction\":[{\"@type\":\"SearchAction\",\"target\":{\"@type\":\"EntryPoint\",\"urlTemplate\":\"https:\\\/\\\/adacontext.com\\\/fr\\\/?s={search_term_string}\"},\"query-input\":{\"@type\":\"PropertyValueSpecification\",\"valueRequired\":true,\"valueName\":\"search_term_string\"}}],\"inLanguage\":\"fr-FR\"}]}<\/script>\n<!-- \/ Yoast SEO plugin. -->","yoast_head_json":{"title":"Politique des Cookies - ADA | Agency for the Dissemination of Architecture","robots":{"index":"index","follow":"follow","max-snippet":"max-snippet:-1","max-image-preview":"max-image-preview:large","max-video-preview":"max-video-preview:-1"},"canonical":"https:\/\/adacontext.com\/fr\/politique-des-cookies\/","og_locale":"fr_FR","og_type":"article","og_title":"Politique des Cookies - ADA | Agency for the Dissemination of Architecture","og_url":"https:\/\/adacontext.com\/fr\/politique-des-cookies\/","og_site_name":"ADA | Agency for the Dissemination of Architecture","article_modified_time":"2023-10-31T09:07:44+00:00","twitter_card":"summary_large_image","twitter_misc":{"Dur\u00e9e de lecture estim\u00e9e":"2 minutes"},"schema":{"@context":"https:\/\/schema.org","@graph":[{"@type":"WebPage","@id":"https:\/\/adacontext.com\/fr\/politique-des-cookies\/","url":"https:\/\/adacontext.com\/fr\/politique-des-cookies\/","name":"Politique des Cookies - ADA | Agency for the Dissemination of Architecture","isPartOf":{"@id":"https:\/\/adacontext.com\/fr\/#website"},"datePublished":"2019-05-06T09:48:53+00:00","dateModified":"2023-10-31T09:07:44+00:00","breadcrumb":{"@id":"https:\/\/adacontext.com\/fr\/politique-des-cookies\/#breadcrumb"},"inLanguage":"fr-FR","potentialAction":[{"@type":"ReadAction","target":["https:\/\/adacontext.com\/fr\/politique-des-cookies\/"]}]},{"@type":"BreadcrumbList","@id":"https:\/\/adacontext.com\/fr\/politique-des-cookies\/#breadcrumb","itemListElement":[{"@type":"ListItem","position":1,"name":"Home","item":"https:\/\/adacontext.com\/fr\/inicio\/"},{"@type":"ListItem","position":2,"name":"Politique des Cookies"}]},{"@type":"WebSite","@id":"https:\/\/adacontext.com\/fr\/#website","url":"https:\/\/adacontext.com\/fr\/","name":"ADA | Agency for the Dissemination of Architecture","description":"Somos ADA, la agencia de comunicaci\u00f3n especializada en la difusi\u00f3n de la arquitectura.","potentialAction":[{"@type":"SearchAction","target":{"@type":"EntryPoint","urlTemplate":"https:\/\/adacontext.com\/fr\/?s={search_term_string}"},"query-input":{"@type":"PropertyValueSpecification","valueRequired":true,"valueName":"search_term_string"}}],"inLanguage":"fr-FR"}]}},"_links":{"self":[{"href":"https:\/\/adacontext.com\/fr\/wp-json\/wp\/v2\/pages\/21373","targetHints":{"allow":["GET"]}}],"collection":[{"href":"https:\/\/adacontext.com\/fr\/wp-json\/wp\/v2\/pages"}],"about":[{"href":"https:\/\/adacontext.com\/fr\/wp-json\/wp\/v2\/types\/page"}],"author":[{"embeddable":true,"href":"https:\/\/adacontext.com\/fr\/wp-json\/wp\/v2\/users\/1"}],"replies":[{"embeddable":true,"href":"https:\/\/adacontext.com\/fr\/wp-json\/wp\/v2\/comments?post=21373"}],"version-history":[{"count":2,"href":"https:\/\/adacontext.com\/fr\/wp-json\/wp\/v2\/pages\/21373\/revisions"}],"predecessor-version":[{"id":21375,"href":"https:\/\/adacontext.com\/fr\/wp-json\/wp\/v2\/pages\/21373\/revisions\/21375"}],"wp:attachment":[{"href":"https:\/\/adacontext.com\/fr\/wp-json\/wp\/v2\/media?parent=21373"}],"curies":[{"name":"wp","href":"https:\/\/api.w.org\/{rel}","templated":true}]}}